{"id":21374,"date":"2015-04-03T11:59:16","date_gmt":"2015-04-03T09:59:16","guid":{"rendered":"http:\/\/www.alpen-premana.com\/alpen\/?page_id=21374"},"modified":"2025-03-25T17:10:14","modified_gmt":"2025-03-25T16:10:14","slug":"contatti","status":"publish","type":"page","link":"https:\/\/www.alpen-premana.com\/alpen\/contatti\/","title":{"rendered":"Contatti"},"content":{"rendered":"<div    class=\"vc_row wpb_row section vc_row-fluid\" style=' text-align:left;'><div class=\" full_section_inner clearfix\">\n\t<div class=\"vc_col-sm-12 wpb_column vc_column_container\">\n\t\t<div class=\"wpb_wrapper\">\n\t\t\t<div class=\"wpb_gmaps_widget wpb_content_element\">\n\t\t<div class=\"wpb_wrapper\">\n\t\t<div class=\"wpb_map_wraper\">\n\t\t\t<iframe src=\"https:\/\/www.google.com\/maps\/embed?pb=!1m18!1m12!1m3!1d2768.8995407324637!2d9.419423000000007!3d46.05310199999999!2m3!1f0!2f0!3f0!3m2!1i1024!2i768!4f13.1!3m3!1m2!1s0x478413d5b5150427%3A0xacaf54cdb7f29e86!2sAlpen+Dei+F.Lli+Gianola+(S.N.C.)!5e0!3m2!1sit!2sit!4v1429104534455\" width=\"600\" height=\"450\" frameborder=\"0\" style=\"border:0\"><\/iframe>\t\t<\/div>\n\t<\/div><\/div><div class=\"vc_empty_space\"  style=\"height: 32px\" ><span class=\"vc_empty_space_inner\"><\/span><\/div>\n\n\n\t\t<\/div> \n\t<\/div> \n<\/div><\/div><div    class=\"vc_row wpb_row section vc_row-fluid\" style=' text-align:left;'><div class=\" full_section_inner clearfix\">\n\t<div class=\"vc_col-sm-8 wpb_column vc_column_container\">\n\t\t<div class=\"wpb_wrapper\">\n\t\t\t\n\t<div class=\"wpb_text_column wpb_content_element \">\n\t\t<div class=\"wpb_wrapper\">\n\t\t\t<h3>Compila il modulo sottostante per inviare richiedere informazioni<\/h3>\n\n\t\t<\/div> \n\t<\/div> <div class=\"vc_empty_space\"  style=\"height: 30px\" ><span class=\"vc_empty_space_inner\"><\/span><\/div>\n\n\n<div class=\"wpcf7 no-js\" id=\"wpcf7-f21379-o1\" lang=\"it-IT\" dir=\"ltr\">\n<div class=\"screen-reader-response\"><p role=\"status\" aria-live=\"polite\" aria-atomic=\"true\"><\/p> <ul><\/ul><\/div>\n<form action=\"\/alpen\/wp-json\/wp\/v2\/pages\/21374#wpcf7-f21379-o1\" method=\"post\" class=\"wpcf7-form init\" aria-label=\"Modulo di contatto\" novalidate=\"novalidate\" data-status=\"init\">\n<div style=\"display: none;\">\n<input type=\"hidden\" name=\"_wpcf7\" value=\"21379\" \/>\n<input type=\"hidden\" name=\"_wpcf7_version\" value=\"5.7.4\" \/>\n<input type=\"hidden\" name=\"_wpcf7_locale\" value=\"it_IT\" \/>\n<input type=\"hidden\" name=\"_wpcf7_unit_tag\" value=\"wpcf7-f21379-o1\" \/>\n<input type=\"hidden\" name=\"_wpcf7_container_post\" value=\"0\" \/>\n<input type=\"hidden\" name=\"_wpcf7_posted_data_hash\" value=\"\" \/>\n<\/div>\n<div class=\"vc_col-sm-12\">\n\t<p><span class=\"wpcf7-form-control-wrap\" data-name=\"your-name\"><input size=\"40\" class=\"wpcf7-form-control wpcf7-text wpcf7-validates-as-required\" aria-required=\"true\" aria-invalid=\"false\" placeholder=\"Nome*\" value=\"\" type=\"text\" name=\"your-name\" \/><\/span>\n\t<\/p>\n<\/div>\n<div class=\"vc_col-sm-12\">\n\t<p><span class=\"wpcf7-form-control-wrap\" data-name=\"your-email\"><input size=\"40\" class=\"wpcf7-form-control wpcf7-text wpcf7-email wpcf7-validates-as-required wpcf7-validates-as-email\" aria-required=\"true\" aria-invalid=\"false\" placeholder=\"Email*\" value=\"\" type=\"email\" name=\"your-email\" \/><\/span>\n\t<\/p>\n<\/div>\n<div class=\"vc_col-sm-6\">\n\t<p><span class=\"wpcf7-form-control-wrap\" data-name=\"indirizzo\"><input size=\"40\" class=\"wpcf7-form-control wpcf7-text wpcf7-validates-as-required\" aria-required=\"true\" aria-invalid=\"false\" placeholder=\"Indirizzo (via, n\u00b0, cap\u2019)*\" value=\"\" type=\"text\" name=\"indirizzo\" \/><\/span>\n\t<\/p>\n<\/div>\n<div class=\"vc_col-sm-6\">\n\t<p><span class=\"wpcf7-form-control-wrap\" data-name=\"citta\"><input size=\"40\" class=\"wpcf7-form-control wpcf7-text wpcf7-validates-as-required\" aria-required=\"true\" aria-invalid=\"false\" placeholder=\"Citt\u00e0*\" value=\"\" type=\"text\" name=\"citta\" \/><\/span>\n\t<\/p>\n<\/div>\n<div class=\"vc_col-sm-12\">\n\t<p><span class=\"wpcf7-form-control-wrap\" data-name=\"telefono\"><input size=\"40\" class=\"wpcf7-form-control wpcf7-text wpcf7-validates-as-required\" aria-required=\"true\" aria-invalid=\"false\" placeholder=\"Telefono*\" value=\"\" type=\"text\" name=\"telefono\" \/><\/span>\n\t<\/p>\n<\/div>\n<div class=\"vc_col-sm-12\">\n\t<p><span class=\"wpcf7-form-control-wrap\" data-name=\"your-subject\"><input size=\"40\" class=\"wpcf7-form-control wpcf7-text\" aria-invalid=\"false\" placeholder=\"Oggetto\" value=\"\" type=\"text\" name=\"your-subject\" \/><\/span>\n\t<\/p>\n<\/div>\n<div class=\"vc_col-sm-12\">\n\t<p><span class=\"wpcf7-form-control-wrap\" data-name=\"your-fruit\"><span class=\"wpcf7-form-control wpcf7-checkbox wpcf7-validates-as-required wpcf7-exclusive-checkbox\"><span class=\"wpcf7-list-item first\"><input type=\"checkbox\" name=\"your-fruit\" value=\"Grossista\" \/><span class=\"wpcf7-list-item-label\">Grossista<\/span><\/span><span class=\"wpcf7-list-item\"><input type=\"checkbox\" name=\"your-fruit\" value=\"Negozio\" \/><span class=\"wpcf7-list-item-label\">Negozio<\/span><\/span><span class=\"wpcf7-list-item last\"><input type=\"checkbox\" name=\"your-fruit\" value=\"Privato\" \/><span class=\"wpcf7-list-item-label\">Privato<\/span><\/span><\/span><\/span>\n\t<\/p>\n<\/div>\n<div class=\"vc_col-sm-12\">\n\t<p><span class=\"wpcf7-form-control-wrap\" data-name=\"your-message\"><textarea cols=\"40\" rows=\"10\" class=\"wpcf7-form-control wpcf7-textarea\" aria-invalid=\"false\" placeholder=\"Messaggio\" name=\"your-message\"><\/textarea><\/span>\n\t<\/p>\n<\/div>\n<p>Privacy\n<\/p>\n<div style=\"color: #324A60;font-family: arial;font-size: 10px;font-weight: normal;height: 68px;margin: 5px 0;overflow: auto;line-height: 12px;\">\n\t<p>In attuazione legge n.196\/03 La informiamo che i dati personali da Lei comunicati saranno registrati su archivio elettronico e\/o informatico protetto e trattati in via del tutto riservata da ALPEN DEI FRATELLI GIANOLA SNC mediante strumenti manuali, elettronici e telematici nel pieno rispetto di detta legge. La informiamo inoltre che i dati personali forniti non verranno comunicati a terzi n\u00e8 altrimenti diffusi, eccezione fatta per le persone fisiche o giuridiche, in Italia o all'estero, che per conto e\/o nell'interesse di ALPEN DEI FRATELLI GIANOLA SNC effettuino specifici servizi elaborativi o svolgano attivit\u00e0 connesse, correlate, strumentali o di supporto a quelle di ALPEN DEI FRATELLI GIANOLA SNC. Secondo quanto previsto dalla legge 196\/03, La informiamo infine che potr\u00e0 esercitare, gratuitamente ed in qualsiasi momento, i diritti di accesso, di integrazione, di aggiornamento, di modifica, di cancellazione, di trasformazione in forma anonima o di blocco dei dati personali trattati in violazione di legge, e di opposizione, in tutto o in parte, al relativo utilizzo, inoltrando specifica formale richiesta a ALPEN DEI FRATELLI GIANOLA SNC, in qualit\u00e0 di Responsabile del Trattamento dei Dati Personali. Preso inoltre atto che il conferimento dei dati personali \u00e8 facoltativo e di aver ricevuto la informativa della legge n.196\/03, selezionando la casella 'Accetto' qui sotto, manifesta la Sua disponibilit\u00e0 e rilascia il Suo libero ed incondizionato consenso a che i Suoi dati personali vengano trattati da ALPEN DEI FRATELLI GIANOLA SNC per le indicate finalit\u00e0 istituzionali e comunque connesse o strumentali alle proprie attivit\u00e0 nonch\u00e8 per finalit\u00e0 di informazioni commerciali e\/o di invio di messaggi e comunicazioni pubblicitarie ovvero promozionali per il tramite di posta elettronica, di lettere o altro.\n\t<\/p>\n<\/div>\n<p><span class=\"wpcf7-form-control-wrap\" data-name=\"acceptance-844\"><span class=\"wpcf7-form-control wpcf7-acceptance\"><span class=\"wpcf7-list-item\"><input type=\"checkbox\" name=\"acceptance-844\" value=\"1\" aria-invalid=\"false\" \/><\/span><\/span><\/span> Accetto\n<\/p>\n<p>Inserire codice Captcha: <input type=\"hidden\" name=\"_wpcf7_captcha_challenge_captcha-170\" value=\"2832183065\" \/><img class=\"wpcf7-form-control wpcf7-captchac wpcf7-captcha-captcha-170\" width=\"72\" height=\"24\" alt=\"captcha\" src=\"https:\/\/www.alpen-premana.com\/alpen\/wp-content\/uploads\/wpcf7_captcha\/2832183065.png\" \/><br \/>\n<span class=\"wpcf7-form-control-wrap\" data-name=\"captcha-170\"><input size=\"1\" maxlength=\"4\" class=\"wpcf7-form-control wpcf7-captchar\" autocomplete=\"off\" aria-invalid=\"false\" value=\"\" type=\"text\" name=\"captcha-170\" \/><\/span>\n<\/p>\n<p><input class=\"wpcf7-form-control has-spinner wpcf7-submit\" type=\"submit\" value=\"Invia\" \/>\n<\/p><div class=\"wpcf7-response-output\" aria-hidden=\"true\"><\/div>\n<\/form>\n<\/div>\n\n\t\t<\/div> \n\t<\/div> \n\n\t<div class=\"vc_col-sm-4 wpb_column vc_column_container\">\n\t\t<div class=\"wpb_wrapper\">\n\t\t\t\n\t<div class=\"wpb_text_column wpb_content_element \">\n\t\t<div class=\"wpb_wrapper\">\n\t\t\t<p><strong>Contattaci<\/strong><\/p>\n\n\t\t<\/div> \n\t<\/div> <div class='q_icon_with_title small normal_icon with_border_line'><div class=\"icon_holder \" style=\" \"><div class=\"icon_holder_inner\"><span style=\"\" class=\"q_font_awsome_icon fa-2x \"><i class=\"icon_text_icon fa fa-map-marker\"><\/i><\/span><\/div><\/div><div class=\"icon_text_holder\" style=\"\"><div class=\"icon_text_inner\" style=\"\"><h4 class=\"icon_title\" style=\"\">Alpen dei F.lli Gianola Snc<\/h4><p style=''>Via Preda, 223834 Premana (LC) - Italy<\/p><\/div><\/div><\/div><div class='q_icon_with_title small normal_icon with_border_line'><div class=\"icon_holder \" style=\" \"><div class=\"icon_holder_inner\"><span style=\"\" class=\"q_font_awsome_icon fa-2x \"><i class=\"icon_text_icon fa fa-phone\"><\/i><\/span><\/div><\/div><div class=\"icon_text_holder\" style=\"\"><div class=\"icon_text_inner\" style=\"\"><h4 class=\"icon_title\" style=\"\">Resta in contatto<\/h4><p style=''>Telefono: +39-0341.890220<br \/>\nFax: +39-0341.890067<\/p><\/div><\/div><\/div><div class='q_icon_with_title small normal_icon with_border_line'><div class=\"icon_holder \" style=\" \"><div class=\"icon_holder_inner\"><span style=\"\" class=\"q_font_awsome_icon fa-2x \"><i class=\"icon_text_icon fa fa-envelope\"><\/i><\/span><\/div><\/div><div class=\"icon_text_holder\" style=\"\"><div class=\"icon_text_inner\" style=\"\"><h4 class=\"icon_title\" style=\"\">Email<\/h4><p style=''>info@alpen-premana.com<\/p><\/div><\/div><\/div>\n\t\t<\/div> \n\t<\/div> \n<\/div><\/div><div    class=\"vc_row wpb_row section vc_row-fluid\" style=' text-align:left;'><div class=\" full_section_inner clearfix\">\n\t<div class=\"vc_col-sm-12 wpb_column vc_column_container\">\n\t\t<div class=\"wpb_wrapper\">\n\t\t\t<div class=\"vc_empty_space\"  style=\"height: 50px\" ><span class=\"vc_empty_space_inner\"><\/span><\/div>\n\n\n\t\t<\/div> \n\t<\/div> \n<\/div><\/div>\n","protected":false},"excerpt":{"rendered":"Compila il modulo sottostante per inviare richiedere informazioni GrossistaNegozioPrivato Privacy In attuazione legge n.196\/03 La informiamo che i dati personali da Lei comunicati saranno registrati su archivio elettronico e\/o informatico protetto e trattati in via del tutto riservata da ALPEN DEI FRATELLI GIANOLA SNC mediante...","protected":false},"author":1,"featured_media":0,"parent":0,"menu_order":0,"comment_status":"closed","ping_status":"closed","template":"","meta":{"om_disable_all_campaigns":false,"_mi_skip_tracking":false,"_monsterinsights_sitenote_active":false,"_monsterinsights_sitenote_note":"","_monsterinsights_sitenote_category":0},"aioseo_notices":[],"_links":{"self":[{"href":"https:\/\/www.alpen-premana.com\/alpen\/wp-json\/wp\/v2\/pages\/21374"}],"collection":[{"href":"https:\/\/www.alpen-premana.com\/alpen\/wp-json\/wp\/v2\/pages"}],"about":[{"href":"https:\/\/www.alpen-premana.com\/alpen\/wp-json\/wp\/v2\/types\/page"}],"author":[{"embeddable":true,"href":"https:\/\/www.alpen-premana.com\/alpen\/wp-json\/wp\/v2\/users\/1"}],"replies":[{"embeddable":true,"href":"https:\/\/www.alpen-premana.com\/alpen\/wp-json\/wp\/v2\/comments?post=21374"}],"version-history":[{"count":23,"href":"https:\/\/www.alpen-premana.com\/alpen\/wp-json\/wp\/v2\/pages\/21374\/revisions"}],"predecessor-version":[{"id":25348,"href":"https:\/\/www.alpen-premana.com\/alpen\/wp-json\/wp\/v2\/pages\/21374\/revisions\/25348"}],"wp:attachment":[{"href":"https:\/\/www.alpen-premana.com\/alpen\/wp-json\/wp\/v2\/media?parent=21374"}],"curies":[{"name":"wp","href":"https:\/\/api.w.org\/{rel}","templated":true}]}}